{"id":142,"date":"2025-10-29T01:26:21","date_gmt":"2025-10-29T01:26:21","guid":{"rendered":"https:\/\/plan.org.co\/salud-joven\/?page_id=142"},"modified":"2025-11-03T03:37:44","modified_gmt":"2025-11-03T03:37:44","slug":"sobre-el-programa","status":"publish","type":"page","link":"https:\/\/plan.org.co\/salud-joven\/sobre-el-programa\/","title":{"rendered":"Sobre el programa"},"content":{"rendered":"\t\t<div data-elementor-type=\"wp-page\" data-elementor-id=\"142\" class=\"elementor elementor-142\" data-elementor-post-type=\"page\">\n\t\t\t\t<div class=\"elementor-element elementor-element-9072100 e-flex e-con-boxed e-con e-parent\" data-id=\"9072100\" data-element_type=\"container\" data-settings=\"{&quot;background_background&quot;:&quot;classic&quot;}\">\n\t\t\t\t\t<div class=\"e-con-inner\">\n\t\t<div class=\"elementor-element elementor-element-b6773f7 e-con-full e-flex e-con e-child\" data-id=\"b6773f7\" data-element_type=\"container\">\n\t\t\t\t<\/div>\n\t\t<div class=\"elementor-element elementor-element-a64ed91 e-con-full e-flex e-con e-child\" data-id=\"a64ed91\" data-element_type=\"container\">\n\t\t\t\t<div class=\"elementor-element elementor-element-257717f elementor-widget elementor-widget-heading\" data-id=\"257717f\" data-element_type=\"widget\" data-widget_type=\"heading.default\">\n\t\t\t\t\t<h2 class=\"elementor-heading-title elementor-size-default\">Sobre el <br>\n<span class=\"hero-v\" style=\"color:#CDD32D;font-size:54px\">programa<\/span><\/h2>\t\t\t\t<\/div>\n\t\t\t\t<div class=\"elementor-element elementor-element-fd2c66f elementor-widget-mobile__width-initial elementor-widget elementor-widget-image\" data-id=\"fd2c66f\" data-element_type=\"widget\" data-widget_type=\"image.default\">\n\t\t\t\t\t\t\t\t\t\t\t\t\t\t\t<img decoding=\"async\" width=\"260\" height=\"120\" src=\"https:\/\/plan.org.co\/salud-joven\/wp-content\/uploads\/2025\/10\/salud-joven.webp\" class=\"attachment-large size-large wp-image-146\" alt=\"\" \/>\t\t\t\t\t\t\t\t\t\t\t\t\t\t\t<\/div>\n\t\t\t\t<\/div>\n\t\t\t\t\t<\/div>\n\t\t\t\t<\/div>\n\t\t<div class=\"elementor-element elementor-element-1186e32 e-flex e-con-boxed e-con e-parent\" data-id=\"1186e32\" data-element_type=\"container\">\n\t\t\t\t\t<div class=\"e-con-inner\">\n\t\t<div class=\"elementor-element elementor-element-48fd0fd e-con-full e-flex e-con e-child\" data-id=\"48fd0fd\" data-element_type=\"container\">\n\t\t\t\t<div class=\"elementor-element elementor-element-9fdd6ca elementor-widget elementor-widget-text-editor\" data-id=\"9fdd6ca\" data-element_type=\"widget\" data-widget_type=\"text-editor.default\">\n\t\t\t\t\t\t\t\t\t<p>554 j\u00f3venes asumieron un rol protag\u00f3nico al formarse como Educadoras y Educadores de Pares, conocidas y conocidos como Influencers Saludables, multiplicando el conocimiento adquirido en sus comunidades y llegando a m\u00e1s de 68.000 personas j\u00f3venes en Bogot\u00e1.<\/p><p>Durante cinco a\u00f1os, el Programa de Salud Joven, una iniciativa global de AstraZeneca implementada por Fundaci\u00f3n PLAN, ha trabajado por fortalecer las capacidades de las juventudes y promover estilos de vida saludables en las localidades de Suba, Engativ\u00e1 y Fontib\u00f3n.<\/p><p>Este proceso ha hecho de Colombia un referente internacional en la promoci\u00f3n de la salud juvenil, gracias a su enfoque innovador de educaci\u00f3n entre pares, prevenci\u00f3n de enfermedades no transmisibles (ENT) y construcci\u00f3n de entornos protectores e inclusivos para todas las personas, incluyendo j\u00f3venes con discapacidad.<\/p><p>El impacto del programa va m\u00e1s all\u00e1 de la prevenci\u00f3n: ha impulsado servicios de salud amigables, ha fortalecido el bienestar emocional y ha abierto espacios para la participaci\u00f3n juvenil en pol\u00edticas p\u00fablicas.<br \/>As\u00ed, las juventudes han tomado la palabra para incidir en decisiones sobre salud, igualdad de g\u00e9nero y derechos sexuales y reproductivos, promoviendo una generaci\u00f3n activa, consciente y comprometida con su bienestar y el de sus comunidades.<\/p>\t\t\t\t\t\t\t\t<\/div>\n\t\t\t\t<\/div>\n\t\t<div class=\"elementor-element elementor-element-249e9cf e-con-full e-flex e-con e-child\" data-id=\"249e9cf\" data-element_type=\"container\">\n\t\t\t\t<div class=\"elementor-element elementor-element-70f0e08 elementor-widget elementor-widget-image\" data-id=\"70f0e08\" data-element_type=\"widget\" data-widget_type=\"image.default\">\n\t\t\t\t\t\t\t\t\t\t\t\t\t\t\t<img fetchpriority=\"high\" decoding=\"async\" width=\"612\" height=\"414\" src=\"https:\/\/plan.org.co\/salud-joven\/wp-content\/uploads\/2025\/11\/sobre-el-programa-1.webp\" class=\"attachment-large size-large wp-image-197\" alt=\"\" srcset=\"https:\/\/plan.org.co\/salud-joven\/wp-content\/uploads\/2025\/11\/sobre-el-programa-1.webp 612w, https:\/\/plan.org.co\/salud-joven\/wp-content\/uploads\/2025\/11\/sobre-el-programa-1-300x203.webp 300w\" sizes=\"(max-width: 612px) 100vw, 612px\" \/>\t\t\t\t\t\t\t\t\t\t\t\t\t\t\t<\/div>\n\t\t\t\t<div class=\"elementor-element elementor-element-0bffa46 elementor-widget elementor-widget-image\" data-id=\"0bffa46\" data-element_type=\"widget\" data-widget_type=\"image.default\">\n\t\t\t\t\t\t\t\t\t\t\t\t\t\t\t<img decoding=\"async\" width=\"800\" height=\"116\" src=\"https:\/\/plan.org.co\/salud-joven\/wp-content\/uploads\/2025\/10\/logotipos-1-1024x148.webp\" class=\"attachment-large size-large wp-image-182\" alt=\"\" srcset=\"https:\/\/plan.org.co\/salud-joven\/wp-content\/uploads\/2025\/10\/logotipos-1-1024x148.webp 1024w, https:\/\/plan.org.co\/salud-joven\/wp-content\/uploads\/2025\/10\/logotipos-1-300x43.webp 300w, https:\/\/plan.org.co\/salud-joven\/wp-content\/uploads\/2025\/10\/logotipos-1-768x111.webp 768w, https:\/\/plan.org.co\/salud-joven\/wp-content\/uploads\/2025\/10\/logotipos-1.webp 1394w\" sizes=\"(max-width: 800px) 100vw, 800px\" \/>\t\t\t\t\t\t\t\t\t\t\t\t\t\t\t<\/div>\n\t\t\t\t<\/div>\n\t\t\t\t\t<\/div>\n\t\t\t\t<\/div>\n\t\t<div class=\"elementor-element elementor-element-92e1f91 e-flex e-con-boxed e-con e-parent\" data-id=\"92e1f91\" data-element_type=\"container\">\n\t\t\t\t\t<div class=\"e-con-inner\">\n\t\t\t\t<div class=\"elementor-element elementor-element-a9fa73c elementor-position-inline-start elementor-mobile-position-inline-start elementor-view-default elementor-widget elementor-widget-icon-box\" data-id=\"a9fa73c\" data-element_type=\"widget\" data-widget_type=\"icon-box.default\">\n\t\t\t\t\t\t\t<div class=\"elementor-icon-box-wrapper\">\n\n\t\t\t\t\t\t<div class=\"elementor-icon-box-icon\">\n\t\t\t\t<span  class=\"elementor-icon\">\n\t\t\t\t<svg xmlns=\"http:\/\/www.w3.org\/2000\/svg\" width=\"90\" height=\"90\" viewBox=\"0 0 90 90\" fill=\"none\"><path d=\"M78.0012 29.236C81.904 37.3986 82.6449 46.7175 80.0809 55.3942C77.5169 64.071 71.8298 71.4904 64.1171 76.2205C56.4044 80.9507 47.213 82.6563 38.3168 81.0081C29.4205 79.36 21.4501 74.4749 15.9438 67.2957C10.4376 60.1165 7.78575 51.1522 8.50021 42.1328C9.21468 33.1134 13.2448 24.6784 19.8127 18.4557C26.3806 12.233 35.0207 8.66367 44.0655 8.4367C53.1103 8.20973 61.9185 11.3412 68.7903 17.2266L76.7602 9.25318C77.2879 8.72544 78.0037 8.42896 78.75 8.42896C79.4964 8.42896 80.2122 8.72544 80.7399 9.25318C81.2676 9.78092 81.5641 10.4967 81.5641 11.243C81.5641 11.9894 81.2676 12.7051 80.7399 13.2329L46.9899 46.9829C46.4621 47.5106 45.7464 47.8071 45 47.8071C44.2537 47.8071 43.5379 47.5106 43.0102 46.9829C42.4825 46.4551 42.186 45.7394 42.186 44.993C42.186 44.2467 42.4825 43.5309 43.0102 43.0032L52.7555 33.2579C50.1144 31.5111 46.9611 30.7069 43.806 30.9753C40.651 31.2438 37.6788 32.5692 35.3708 34.737C33.0627 36.9048 31.5539 39.7881 31.0884 42.9201C30.623 46.0522 31.2282 49.2497 32.8062 51.995C34.3841 54.7403 36.8424 56.8726 39.783 58.0469C42.7237 59.2212 45.9746 59.3687 49.0095 58.4655C52.0444 57.5622 54.6857 55.6611 56.5057 53.07C58.3257 50.4788 59.2179 47.3493 59.0379 44.188C59.0172 43.8186 59.0693 43.4488 59.1915 43.0996C59.3136 42.7504 59.5034 42.4287 59.7498 42.1529C59.9963 41.877 60.2947 41.6524 60.628 41.4919C60.9613 41.3313 61.3229 41.238 61.6922 41.2172C62.4382 41.1753 63.1702 41.4314 63.7273 41.9291C64.0032 42.1756 64.2278 42.474 64.3883 42.8073C64.5488 43.1406 64.6422 43.5022 64.6629 43.8715C64.9193 48.3462 63.6413 52.7743 61.04 56.4242C58.4388 60.074 54.67 62.727 50.3567 63.9448C46.0433 65.1625 41.4436 64.872 37.3177 63.1213C33.1918 61.3707 29.7867 58.2646 27.6653 54.3165C25.5438 50.3684 24.833 45.8147 25.6503 41.4079C26.4675 37.0011 28.764 33.005 32.1601 30.0802C35.5561 27.1554 39.8485 25.4769 44.3278 25.3221C48.8071 25.1673 53.2051 26.5455 56.795 29.229L64.793 21.2309C58.9318 16.3646 51.4792 13.8353 43.8668 14.1289C36.2544 14.4225 29.0188 17.5183 23.5498 22.8216C18.0807 28.125 14.7639 35.2619 14.2364 42.8617C13.7088 50.4615 16.0077 57.9883 20.6915 63.9964C25.3752 70.0046 32.1137 74.0704 39.6125 75.413C47.1114 76.7556 54.8419 75.2803 61.3193 71.2705C67.7967 67.2607 72.5643 60.9991 74.7064 53.6884C76.8484 46.3776 76.2139 38.5332 72.9247 31.6618C72.603 30.9886 72.5619 30.2152 72.8105 29.5117C73.059 28.8082 73.5769 28.2323 74.25 27.9106C74.9232 27.5889 75.6966 27.5478 76.4001 27.7964C77.1036 28.045 77.6795 28.5628 78.0012 29.236Z\" fill=\"#CDD32D\"><\/path><\/svg>\t\t\t\t<\/span>\n\t\t\t<\/div>\n\t\t\t\n\t\t\t\t\t\t<div class=\"elementor-icon-box-content\">\n\n\t\t\t\t\t\t\t\t\t<h3 class=\"elementor-icon-box-title\">\n\t\t\t\t\t\t<span  >\n\t\t\t\t\t\t\tObjetivos estrat\u00e9gicos\t\t\t\t\t\t<\/span>\n\t\t\t\t\t<\/h3>\n\t\t\t\t\n\t\t\t\t\n\t\t\t<\/div>\n\t\t\t\n\t\t<\/div>\n\t\t\t\t\t\t<\/div>\n\t\t\t\t<div class=\"elementor-element elementor-element-8d2e675 elementor-widget elementor-widget-text-editor\" data-id=\"8d2e675\" data-element_type=\"widget\" data-widget_type=\"text-editor.default\">\n\t\t\t\t\t\t\t\t\t<p>\u2022 Prevenir las Enfermedades No Transmisibles (ENT) a trav\u00e9s del conocimiento y la acci\u00f3n comunitaria.<br \/>\u2022 Fortalecer las capacidades juveniles como agentes de cambio.<br \/>\u2022 Promover servicios de salud amigables, inclusivos y participativos.<br \/>\u2022 Impulsar pol\u00edticas p\u00fablicas y entornos habilitantes para el bienestar juvenil.<\/p>\t\t\t\t\t\t\t\t<\/div>\n\t\t\t\t\t<\/div>\n\t\t\t\t<\/div>\n\t\t<div class=\"elementor-element elementor-element-bad279f e-flex e-con-boxed e-con e-parent\" data-id=\"bad279f\" data-element_type=\"container\">\n\t\t\t\t\t<div class=\"e-con-inner\">\n\t\t\t\t<div class=\"elementor-element elementor-element-50bd55d elementor-align-center elementor-widget elementor-widget-button\" data-id=\"50bd55d\" data-element_type=\"widget\" data-widget_type=\"button.default\">\n\t\t\t\t\t\t\t\t\t\t<a class=\"elementor-button elementor-button-link elementor-size-sm\" href=\"https:\/\/plan.org.co\/salud-joven\/nuestro-impacto\/\">\n\t\t\t\t\t\t<span class=\"elementor-button-content-wrapper\">\n\t\t\t\t\t\t<span class=\"elementor-button-icon\">\n\t\t\t\t<svg aria-hidden=\"true\" class=\"e-font-icon-svg e-fas-long-arrow-alt-right\" viewBox=\"0 0 448 512\" xmlns=\"http:\/\/www.w3.org\/2000\/svg\"><path d=\"M313.941 216H12c-6.627 0-12 5.373-12 12v56c0 6.627 5.373 12 12 12h301.941v46.059c0 21.382 25.851 32.09 40.971 16.971l86.059-86.059c9.373-9.373 9.373-24.569 0-33.941l-86.059-86.059c-15.119-15.119-40.971-4.411-40.971 16.971V216z\"><\/path><\/svg>\t\t\t<\/span>\n\t\t\t\t\t\t\t\t\t<span class=\"elementor-button-text\">Nuestro impacto<\/span>\n\t\t\t\t\t<\/span>\n\t\t\t\t\t<\/a>\n\t\t\t\t\t\t\t\t<\/div>\n\t\t\t\t\t<\/div>\n\t\t\t\t<\/div>\n\t\t<div class=\"elementor-element elementor-element-8b22617 e-flex e-con-boxed e-con e-parent\" data-id=\"8b22617\" data-element_type=\"container\" data-settings=\"{&quot;background_background&quot;:&quot;classic&quot;}\">\n\t\t\t\t\t<div class=\"e-con-inner\">\n\t\t\t\t<div class=\"elementor-element elementor-element-b935884 elementor-widget elementor-widget-heading\" data-id=\"b935884\" data-element_type=\"widget\" data-widget_type=\"heading.default\">\n\t\t\t\t\t<h2 class=\"elementor-heading-title elementor-size-default\">El legado del Programa de Salud Joven sigue vivo en escuelas y servicios de salud, donde la educaci\u00f3n entre pares y la innovaci\u00f3n juvenil fortalecen la prevenci\u00f3n y el bienestar.<\/h2>\t\t\t\t<\/div>\n\t\t\t\t<div class=\"elementor-element elementor-element-c1820de elementor-widget elementor-widget-image\" data-id=\"c1820de\" data-element_type=\"widget\" data-widget_type=\"image.default\">\n\t\t\t\t\t\t\t\t\t\t\t\t\t\t\t<img loading=\"lazy\" decoding=\"async\" width=\"1600\" height=\"900\" src=\"https:\/\/plan.org.co\/salud-joven\/wp-content\/uploads\/2025\/10\/legado.webp\" class=\"attachment-full size-full wp-image-178\" alt=\"\" srcset=\"https:\/\/plan.org.co\/salud-joven\/wp-content\/uploads\/2025\/10\/legado.webp 1600w, https:\/\/plan.org.co\/salud-joven\/wp-content\/uploads\/2025\/10\/legado-300x169.webp 300w, https:\/\/plan.org.co\/salud-joven\/wp-content\/uploads\/2025\/10\/legado-1024x576.webp 1024w, https:\/\/plan.org.co\/salud-joven\/wp-content\/uploads\/2025\/10\/legado-768x432.webp 768w, https:\/\/plan.org.co\/salud-joven\/wp-content\/uploads\/2025\/10\/legado-1536x864.webp 1536w\" sizes=\"(max-width: 1600px) 100vw, 1600px\" \/>\t\t\t\t\t\t\t\t\t\t\t\t\t\t\t<\/div>\n\t\t<div class=\"elementor-element elementor-element-dd18f14 e-con-full e-flex e-con e-child\" data-id=\"dd18f14\" data-element_type=\"container\">\n\t\t\t\t<div class=\"elementor-element elementor-element-10576c1 elementor-align-left elementor-tablet-align-center elementor-widget elementor-widget-button\" data-id=\"10576c1\" data-element_type=\"widget\" data-widget_type=\"button.default\">\n\t\t\t\t\t\t\t\t\t\t<a class=\"elementor-button elementor-button-link elementor-size-sm\" href=\"https:\/\/plan.org.co\/salud-joven\/voces-jovenes\/\">\n\t\t\t\t\t\t<span class=\"elementor-button-content-wrapper\">\n\t\t\t\t\t\t<span class=\"elementor-button-icon\">\n\t\t\t\t<svg aria-hidden=\"true\" class=\"e-font-icon-svg e-fas-long-arrow-alt-right\" viewBox=\"0 0 448 512\" xmlns=\"http:\/\/www.w3.org\/2000\/svg\"><path d=\"M313.941 216H12c-6.627 0-12 5.373-12 12v56c0 6.627 5.373 12 12 12h301.941v46.059c0 21.382 25.851 32.09 40.971 16.971l86.059-86.059c9.373-9.373 9.373-24.569 0-33.941l-86.059-86.059c-15.119-15.119-40.971-4.411-40.971 16.971V216z\"><\/path><\/svg>\t\t\t<\/span>\n\t\t\t\t\t\t\t\t\t<span class=\"elementor-button-text\">Voces j\u00f3venes<\/span>\n\t\t\t\t\t<\/span>\n\t\t\t\t\t<\/a>\n\t\t\t\t\t\t\t\t<\/div>\n\t\t\t\t<div class=\"elementor-element elementor-element-f04afc7 elementor-align-left elementor-tablet-align-center elementor-widget elementor-widget-button\" data-id=\"f04afc7\" data-element_type=\"widget\" data-widget_type=\"button.default\">\n\t\t\t\t\t\t\t\t\t\t<a class=\"elementor-button elementor-button-link elementor-size-sm\" href=\"https:\/\/plan.org.co\/salud-joven\/como-lo-hicimos\/\">\n\t\t\t\t\t\t<span class=\"elementor-button-content-wrapper\">\n\t\t\t\t\t\t<span class=\"elementor-button-icon\">\n\t\t\t\t<svg aria-hidden=\"true\" class=\"e-font-icon-svg e-fas-long-arrow-alt-right\" viewBox=\"0 0 448 512\" xmlns=\"http:\/\/www.w3.org\/2000\/svg\"><path d=\"M313.941 216H12c-6.627 0-12 5.373-12 12v56c0 6.627 5.373 12 12 12h301.941v46.059c0 21.382 25.851 32.09 40.971 16.971l86.059-86.059c9.373-9.373 9.373-24.569 0-33.941l-86.059-86.059c-15.119-15.119-40.971-4.411-40.971 16.971V216z\"><\/path><\/svg>\t\t\t<\/span>\n\t\t\t\t\t\t\t\t\t<span class=\"elementor-button-text\">C\u00f3mo lo hicimos<\/span>\n\t\t\t\t\t<\/span>\n\t\t\t\t\t<\/a>\n\t\t\t\t\t\t\t\t<\/div>\n\t\t\t\t<div class=\"elementor-element elementor-element-830b72c elementor-align-left elementor-tablet-align-center elementor-widget elementor-widget-button\" data-id=\"830b72c\" data-element_type=\"widget\" data-widget_type=\"button.default\">\n\t\t\t\t\t\t\t\t\t\t<a class=\"elementor-button elementor-button-link elementor-size-sm\" href=\"https:\/\/plan.org.co\/salud-joven\/galeria\/\">\n\t\t\t\t\t\t<span class=\"elementor-button-content-wrapper\">\n\t\t\t\t\t\t<span class=\"elementor-button-icon\">\n\t\t\t\t<svg aria-hidden=\"true\" class=\"e-font-icon-svg e-fas-long-arrow-alt-right\" viewBox=\"0 0 448 512\" xmlns=\"http:\/\/www.w3.org\/2000\/svg\"><path d=\"M313.941 216H12c-6.627 0-12 5.373-12 12v56c0 6.627 5.373 12 12 12h301.941v46.059c0 21.382 25.851 32.09 40.971 16.971l86.059-86.059c9.373-9.373 9.373-24.569 0-33.941l-86.059-86.059c-15.119-15.119-40.971-4.411-40.971 16.971V216z\"><\/path><\/svg>\t\t\t<\/span>\n\t\t\t\t\t\t\t\t\t<span class=\"elementor-button-text\">Galer\u00eda<\/span>\n\t\t\t\t\t<\/span>\n\t\t\t\t\t<\/a>\n\t\t\t\t\t\t\t\t<\/div>\n\t\t\t\t<\/div>\n\t\t\t\t\t<\/div>\n\t\t\t\t<\/div>\n\t\t\t\t<\/div>\n\t\t","protected":false},"excerpt":{"rendered":"<p>Sobre el programa 554 j\u00f3venes asumieron un rol protag\u00f3nico al formarse como Educadoras y Educadores de Pares, conocidas y conocidos como Influencers Saludables, multiplicando el conocimiento adquirido en sus comunidades y llegando a m\u00e1s de 68.000 personas j\u00f3venes en Bogot\u00e1. Durante cinco a\u00f1os, el Programa de Salud Joven, una iniciativa global de AstraZeneca implementada por [&hellip;]<\/p>\n","protected":false},"author":1,"featured_media":0,"parent":0,"menu_order":0,"comment_status":"closed","ping_status":"closed","template":"elementor_header_footer","meta":{"footnotes":""},"class_list":["post-142","page","type-page","status-publish","hentry"],"_links":{"self":[{"href":"https:\/\/plan.org.co\/salud-joven\/wp-json\/wp\/v2\/pages\/142","targetHints":{"allow":["GET"]}}],"collection":[{"href":"https:\/\/plan.org.co\/salud-joven\/wp-json\/wp\/v2\/pages"}],"about":[{"href":"https:\/\/plan.org.co\/salud-joven\/wp-json\/wp\/v2\/types\/page"}],"author":[{"embeddable":true,"href":"https:\/\/plan.org.co\/salud-joven\/wp-json\/wp\/v2\/users\/1"}],"replies":[{"embeddable":true,"href":"https:\/\/plan.org.co\/salud-joven\/wp-json\/wp\/v2\/comments?post=142"}],"version-history":[{"count":43,"href":"https:\/\/plan.org.co\/salud-joven\/wp-json\/wp\/v2\/pages\/142\/revisions"}],"predecessor-version":[{"id":390,"href":"https:\/\/plan.org.co\/salud-joven\/wp-json\/wp\/v2\/pages\/142\/revisions\/390"}],"wp:attachment":[{"href":"https:\/\/plan.org.co\/salud-joven\/wp-json\/wp\/v2\/media?parent=142"}],"curies":[{"name":"wp","href":"https:\/\/api.w.org\/{rel}","templated":true}]}}