{"id":333,"date":"2025-11-03T02:55:47","date_gmt":"2025-11-03T02:55:47","guid":{"rendered":"https:\/\/plan.org.co\/salud-joven\/?page_id=333"},"modified":"2025-11-04T20:39:35","modified_gmt":"2025-11-04T20:39:35","slug":"galeria","status":"publish","type":"page","link":"https:\/\/plan.org.co\/salud-joven\/galeria\/","title":{"rendered":"Galer\u00eda"},"content":{"rendered":"\t\t<div data-elementor-type=\"wp-page\" data-elementor-id=\"333\" class=\"elementor elementor-333\" data-elementor-post-type=\"page\">\n\t\t\t\t<div class=\"elementor-element elementor-element-9072100 e-flex e-con-boxed e-con e-parent\" data-id=\"9072100\" data-element_type=\"container\" data-settings=\"{&quot;background_background&quot;:&quot;classic&quot;}\">\n\t\t\t\t\t<div class=\"e-con-inner\">\n\t\t<div class=\"elementor-element elementor-element-b6773f7 e-con-full e-flex e-con e-child\" data-id=\"b6773f7\" data-element_type=\"container\">\n\t\t\t\t<\/div>\n\t\t<div class=\"elementor-element elementor-element-a64ed91 e-con-full e-flex e-con e-child\" data-id=\"a64ed91\" data-element_type=\"container\">\n\t\t\t\t<div class=\"elementor-element elementor-element-257717f elementor-widget elementor-widget-heading\" data-id=\"257717f\" data-element_type=\"widget\" data-widget_type=\"heading.default\">\n\t\t\t\t\t<h2 class=\"elementor-heading-title elementor-size-default\">\n<span class=\"hero-v\" style=\"color:#CDD32D;font-size:54px\">GALERIA<\/span><\/h2>\t\t\t\t<\/div>\n\t\t\t\t<div class=\"elementor-element elementor-element-fd2c66f elementor-widget-mobile__width-initial elementor-widget elementor-widget-image\" data-id=\"fd2c66f\" data-element_type=\"widget\" data-widget_type=\"image.default\">\n\t\t\t\t\t\t\t\t\t\t\t\t\t\t\t<img decoding=\"async\" width=\"260\" height=\"120\" src=\"https:\/\/plan.org.co\/salud-joven\/wp-content\/uploads\/2025\/10\/salud-joven.webp\" class=\"attachment-large size-large wp-image-146\" alt=\"\" \/>\t\t\t\t\t\t\t\t\t\t\t\t\t\t\t<\/div>\n\t\t\t\t<\/div>\n\t\t\t\t\t<\/div>\n\t\t\t\t<\/div>\n\t\t<div class=\"elementor-element elementor-element-92e1f91 e-flex e-con-boxed e-con e-parent\" data-id=\"92e1f91\" data-element_type=\"container\">\n\t\t\t\t\t<div class=\"e-con-inner\">\n\t\t\t\t<div class=\"elementor-element elementor-element-bdbce6f elementor-widget elementor-widget-heading\" data-id=\"bdbce6f\" data-element_type=\"widget\" data-widget_type=\"heading.default\">\n\t\t\t\t\t<h2 class=\"elementor-heading-title elementor-size-default\">Momentos memorables del Programa de Salud Joven<\/h2>\t\t\t\t<\/div>\n\t\t\t\t<div class=\"elementor-element elementor-element-b7cf643 elementor-widget elementor-widget-text-editor\" data-id=\"b7cf643\" data-element_type=\"widget\" data-widget_type=\"text-editor.default\">\n\t\t\t\t\t\t\t\t\t<p>Te compartimos algunas im\u00e1genes que reflejan nuestro recorrido:<br \/><br \/>acciones lideradas por juventudes, alianzas con comunidades y la construcci\u00f3n de entornos m\u00e1s saludables e inclusivos.\u2028 Cada fotograf\u00eda nos recuerda que el bienestar se construye en equipo, con pasi\u00f3n, ciencia y compromiso.<\/p>\t\t\t\t\t\t\t\t<\/div>\n\t\t\t\t\t<\/div>\n\t\t\t\t<\/div>\n\t\t<div class=\"elementor-element elementor-element-c5c8131 e-flex e-con-boxed e-con e-parent\" data-id=\"c5c8131\" data-element_type=\"container\">\n\t\t\t\t\t<div class=\"e-con-inner\">\n\t\t<div class=\"elementor-element elementor-element-70251c7 e-con-full e-flex e-con e-child\" data-id=\"70251c7\" data-element_type=\"container\" data-settings=\"{&quot;background_background&quot;:&quot;classic&quot;}\">\n\t\t\t\t<div class=\"elementor-element elementor-element-d649c6f elementor-widget elementor-widget-heading\" data-id=\"d649c6f\" data-element_type=\"widget\" data-widget_type=\"heading.default\">\n\t\t\t\t\t<h2 class=\"elementor-heading-title elementor-size-default\">Influencers Saludables<\/h2>\t\t\t\t<\/div>\n\t\t\t\t<div class=\"elementor-element elementor-element-06e0e77 elementor-widget elementor-widget-text-editor\" data-id=\"06e0e77\" data-element_type=\"widget\" data-widget_type=\"text-editor.default\">\n\t\t\t\t\t\t\t\t\t<p>J\u00f3venes formadas y formados como Educadoras y Educadores de Pares, llevando mensajes de autocuidado, prevenci\u00f3n de ENT y bienestar emocional a sus colegios y comunidades.<\/p>\t\t\t\t\t\t\t\t<\/div>\n\t\t\t\t<div class=\"elementor-element elementor-element-a7fed0a elementor-widget elementor-widget-heading\" data-id=\"a7fed0a\" data-element_type=\"widget\" data-widget_type=\"heading.default\">\n\t\t\t\t\t<h2 class=\"elementor-heading-title elementor-size-default\">\u2028Fotograf\u00edas: procesos formativos, r\u00e9plicas y actividades juveniles.<\/h2>\t\t\t\t<\/div>\n\t\t\t\t<div class=\"elementor-element elementor-element-4f248f9 elementor-pagination-position-outside elementor-widget elementor-widget-image-carousel\" data-id=\"4f248f9\" data-element_type=\"widget\" data-settings=\"{&quot;slides_to_show&quot;:&quot;3&quot;,&quot;slides_to_show_tablet&quot;:&quot;1&quot;,&quot;slides_to_scroll&quot;:&quot;1&quot;,&quot;navigation&quot;:&quot;dots&quot;,&quot;image_spacing_custom&quot;:{&quot;unit&quot;:&quot;px&quot;,&quot;size&quot;:30,&quot;sizes&quot;:[]},&quot;speed&quot;:500}\" data-widget_type=\"image-carousel.default\">\n\t\t\t\t\t\t\t<div class=\"elementor-image-carousel-wrapper swiper\" role=\"region\" aria-roledescription=\"carousel\" aria-label=\"Carrusel de im\u00e1genes\" dir=\"ltr\">\n\t\t\t<div class=\"elementor-image-carousel swiper-wrapper\" aria-live=\"polite\">\n\t\t\t\t\t\t\t\t<div class=\"swiper-slide\" role=\"group\" aria-roledescription=\"slide\" aria-label=\"1 de 3\"><figure class=\"swiper-slide-inner\"><img decoding=\"async\" class=\"swiper-slide-image\" src=\"https:\/\/plan.org.co\/salud-joven\/wp-content\/uploads\/2025\/11\/g03.webp\" alt=\"g03\" \/><\/figure><\/div><div class=\"swiper-slide\" role=\"group\" aria-roledescription=\"slide\" aria-label=\"2 de 3\"><figure class=\"swiper-slide-inner\"><img decoding=\"async\" class=\"swiper-slide-image\" src=\"https:\/\/plan.org.co\/salud-joven\/wp-content\/uploads\/2025\/11\/g01.webp\" alt=\"g01\" \/><\/figure><\/div><div class=\"swiper-slide\" role=\"group\" aria-roledescription=\"slide\" aria-label=\"3 de 3\"><figure class=\"swiper-slide-inner\"><img decoding=\"async\" class=\"swiper-slide-image\" src=\"https:\/\/plan.org.co\/salud-joven\/wp-content\/uploads\/2025\/11\/g02.webp\" alt=\"g02\" \/><\/figure><\/div>\t\t\t<\/div>\n\t\t\t\t\t\t\t\n\t\t\t\t\t\t\t\t\t<div class=\"swiper-pagination\"><\/div>\n\t\t\t\t\t\t\t\t\t<\/div>\n\t\t\t\t\t\t<\/div>\n\t\t\t\t<\/div>\n\t\t<div class=\"elementor-element elementor-element-1bc392c e-con-full e-flex e-con e-child\" data-id=\"1bc392c\" data-element_type=\"container\" data-settings=\"{&quot;background_background&quot;:&quot;classic&quot;}\">\n\t\t\t\t<div class=\"elementor-element elementor-element-494b7a2 elementor-widget elementor-widget-heading\" data-id=\"494b7a2\" data-element_type=\"widget\" data-widget_type=\"heading.default\">\n\t\t\t\t\t<h2 class=\"elementor-heading-title elementor-size-default\">Comunidades y familias<\/h2>\t\t\t\t<\/div>\n\t\t\t\t<div class=\"elementor-element elementor-element-4a32c63 elementor-widget elementor-widget-text-editor\" data-id=\"4a32c63\" data-element_type=\"widget\" data-widget_type=\"text-editor.default\">\n\t\t\t\t\t\t\t\t\t<p>Madres, padres, docentes y profesionales de salud acompa\u00f1ando el crecimiento del programa y fortaleciendo entornos protectores y redes de apoyo.<\/p>\t\t\t\t\t\t\t\t<\/div>\n\t\t\t\t<div class=\"elementor-element elementor-element-1ddff03 elementor-widget elementor-widget-heading\" data-id=\"1ddff03\" data-element_type=\"widget\" data-widget_type=\"heading.default\">\n\t\t\t\t\t<h2 class=\"elementor-heading-title elementor-size-default\">\u2028Fotograf\u00edas: encuentros comunitarios, talleres familiares, articulaci\u00f3n educativa.<\/h2>\t\t\t\t<\/div>\n\t\t\t\t<div class=\"elementor-element elementor-element-169fd68 elementor-pagination-position-outside elementor-widget elementor-widget-image-carousel\" data-id=\"169fd68\" data-element_type=\"widget\" data-settings=\"{&quot;slides_to_show&quot;:&quot;3&quot;,&quot;slides_to_show_tablet&quot;:&quot;1&quot;,&quot;slides_to_scroll&quot;:&quot;1&quot;,&quot;navigation&quot;:&quot;dots&quot;,&quot;image_spacing_custom&quot;:{&quot;unit&quot;:&quot;px&quot;,&quot;size&quot;:30,&quot;sizes&quot;:[]},&quot;speed&quot;:500}\" data-widget_type=\"image-carousel.default\">\n\t\t\t\t\t\t\t<div class=\"elementor-image-carousel-wrapper swiper\" role=\"region\" aria-roledescription=\"carousel\" aria-label=\"Carrusel de im\u00e1genes\" dir=\"ltr\">\n\t\t\t<div class=\"elementor-image-carousel swiper-wrapper\" aria-live=\"polite\">\n\t\t\t\t\t\t\t\t<div class=\"swiper-slide\" role=\"group\" aria-roledescription=\"slide\" aria-label=\"1 de 3\"><figure class=\"swiper-slide-inner\"><img decoding=\"async\" class=\"swiper-slide-image\" src=\"https:\/\/plan.org.co\/salud-joven\/wp-content\/uploads\/2025\/11\/g4.webp\" alt=\"g4\" \/><\/figure><\/div><div class=\"swiper-slide\" role=\"group\" aria-roledescription=\"slide\" aria-label=\"2 de 3\"><figure class=\"swiper-slide-inner\"><img decoding=\"async\" class=\"swiper-slide-image\" src=\"https:\/\/plan.org.co\/salud-joven\/wp-content\/uploads\/2025\/11\/g5.webp\" alt=\"g5\" \/><\/figure><\/div><div class=\"swiper-slide\" role=\"group\" aria-roledescription=\"slide\" aria-label=\"3 de 3\"><figure class=\"swiper-slide-inner\"><img decoding=\"async\" class=\"swiper-slide-image\" src=\"https:\/\/plan.org.co\/salud-joven\/wp-content\/uploads\/2025\/11\/g6.webp\" alt=\"g6\" \/><\/figure><\/div>\t\t\t<\/div>\n\t\t\t\t\t\t\t\n\t\t\t\t\t\t\t\t\t<div class=\"swiper-pagination\"><\/div>\n\t\t\t\t\t\t\t\t\t<\/div>\n\t\t\t\t\t\t<\/div>\n\t\t\t\t<\/div>\n\t\t<div class=\"elementor-element elementor-element-4808a66 e-con-full e-flex e-con e-child\" data-id=\"4808a66\" data-element_type=\"container\" data-settings=\"{&quot;background_background&quot;:&quot;classic&quot;}\">\n\t\t\t\t<div class=\"elementor-element elementor-element-cb19953 elementor-widget elementor-widget-heading\" data-id=\"cb19953\" data-element_type=\"widget\" data-widget_type=\"heading.default\">\n\t\t\t\t\t<h2 class=\"elementor-heading-title elementor-size-default\">Salud y entornos amigables<\/h2>\t\t\t\t<\/div>\n\t\t\t\t<div class=\"elementor-element elementor-element-994a643 elementor-widget elementor-widget-text-editor\" data-id=\"994a643\" data-element_type=\"widget\" data-widget_type=\"text-editor.default\">\n\t\t\t\t\t\t\t\t\t<p>Acciones junto a instituciones de salud, sector diplom\u00e1tico y aliados internacionales para garantizar servicios amigables, inclusivos y sostenibles.<\/p>\t\t\t\t\t\t\t\t<\/div>\n\t\t\t\t<div class=\"elementor-element elementor-element-67f0166 elementor-widget elementor-widget-heading\" data-id=\"67f0166\" data-element_type=\"widget\" data-widget_type=\"heading.default\">\n\t\t\t\t\t<h2 class=\"elementor-heading-title elementor-size-default\">\u2028Fotograf\u00edas: entregas de herramientas pedag\u00f3gicas, espacios de reconocimiento y cooperaci\u00f3n intersectorial.<\/h2>\t\t\t\t<\/div>\n\t\t\t\t<div class=\"elementor-element elementor-element-28b091a elementor-pagination-position-outside elementor-widget elementor-widget-image-carousel\" data-id=\"28b091a\" data-element_type=\"widget\" data-settings=\"{&quot;slides_to_show&quot;:&quot;3&quot;,&quot;slides_to_show_tablet&quot;:&quot;1&quot;,&quot;slides_to_scroll&quot;:&quot;1&quot;,&quot;navigation&quot;:&quot;dots&quot;,&quot;image_spacing_custom&quot;:{&quot;unit&quot;:&quot;px&quot;,&quot;size&quot;:30,&quot;sizes&quot;:[]},&quot;speed&quot;:500}\" data-widget_type=\"image-carousel.default\">\n\t\t\t\t\t\t\t<div class=\"elementor-image-carousel-wrapper swiper\" role=\"region\" aria-roledescription=\"carousel\" aria-label=\"Carrusel de im\u00e1genes\" dir=\"ltr\">\n\t\t\t<div class=\"elementor-image-carousel swiper-wrapper\" aria-live=\"polite\">\n\t\t\t\t\t\t\t\t<div class=\"swiper-slide\" role=\"group\" aria-roledescription=\"slide\" aria-label=\"1 de 3\"><figure class=\"swiper-slide-inner\"><img decoding=\"async\" class=\"swiper-slide-image\" src=\"https:\/\/plan.org.co\/salud-joven\/wp-content\/uploads\/2025\/11\/g7.webp\" alt=\"g7\" \/><\/figure><\/div><div class=\"swiper-slide\" role=\"group\" aria-roledescription=\"slide\" aria-label=\"2 de 3\"><figure class=\"swiper-slide-inner\"><img decoding=\"async\" class=\"swiper-slide-image\" src=\"https:\/\/plan.org.co\/salud-joven\/wp-content\/uploads\/2025\/11\/g8.webp\" alt=\"g8\" \/><\/figure><\/div><div class=\"swiper-slide\" role=\"group\" aria-roledescription=\"slide\" aria-label=\"3 de 3\"><figure class=\"swiper-slide-inner\"><img decoding=\"async\" class=\"swiper-slide-image\" src=\"https:\/\/plan.org.co\/salud-joven\/wp-content\/uploads\/2025\/11\/g9.webp\" alt=\"g9\" \/><\/figure><\/div>\t\t\t<\/div>\n\t\t\t\t\t\t\t\n\t\t\t\t\t\t\t\t\t<div class=\"swiper-pagination\"><\/div>\n\t\t\t\t\t\t\t\t\t<\/div>\n\t\t\t\t\t\t<\/div>\n\t\t\t\t<\/div>\n\t\t\t\t\t<\/div>\n\t\t\t\t<\/div>\n\t\t<div class=\"elementor-element elementor-element-e1ff3a1 e-flex e-con-boxed e-con e-parent\" data-id=\"e1ff3a1\" data-element_type=\"container\">\n\t\t\t\t\t<div class=\"e-con-inner\">\n\t\t\t\t<div class=\"elementor-element elementor-element-98e4487 elementor-widget elementor-widget-heading\" data-id=\"98e4487\" data-element_type=\"widget\" data-widget_type=\"heading.default\">\n\t\t\t\t\t<h2 class=\"elementor-heading-title elementor-size-default\">Conoce m\u00e1s<\/h2>\t\t\t\t<\/div>\n\t\t\t\t\t<\/div>\n\t\t\t\t<\/div>\n\t\t<div class=\"elementor-element elementor-element-00b0bd7 e-flex e-con-boxed e-con e-parent\" data-id=\"00b0bd7\" data-element_type=\"container\">\n\t\t\t\t\t<div class=\"e-con-inner\">\n\t\t<div class=\"elementor-element elementor-element-d7245f5 e-con-full e-flex e-con e-child\" data-id=\"d7245f5\" data-element_type=\"container\">\n\t\t\t\t<div class=\"elementor-element elementor-element-15e8178 elementor-widget elementor-widget-image\" data-id=\"15e8178\" data-element_type=\"widget\" data-widget_type=\"image.default\">\n\t\t\t\t\t\t\t\t\t\t\t\t\t\t\t\t<a href=\"https:\/\/www.youtube.com\/watch?v=YMsc_jfUQ84\" target=\"_blank\" rel=\"noopener\">\n\t\t\t\t\t\t\t<img fetchpriority=\"high\" decoding=\"async\" width=\"800\" height=\"450\" src=\"https:\/\/plan.org.co\/salud-joven\/wp-content\/uploads\/2025\/11\/recursos1.webp\" class=\"attachment-full size-full wp-image-417\" alt=\"\" srcset=\"https:\/\/plan.org.co\/salud-joven\/wp-content\/uploads\/2025\/11\/recursos1.webp 800w, https:\/\/plan.org.co\/salud-joven\/wp-content\/uploads\/2025\/11\/recursos1-300x169.webp 300w, https:\/\/plan.org.co\/salud-joven\/wp-content\/uploads\/2025\/11\/recursos1-768x432.webp 768w\" sizes=\"(max-width: 800px) 100vw, 800px\" \/>\t\t\t\t\t\t\t\t<\/a>\n\t\t\t\t\t\t\t\t\t\t\t\t\t\t\t<\/div>\n\t\t\t\t<div class=\"elementor-element elementor-element-ea9d985 elementor-widget elementor-widget-heading\" data-id=\"ea9d985\" data-element_type=\"widget\" data-widget_type=\"heading.default\">\n\t\t\t\t\t<h2 class=\"elementor-heading-title elementor-size-default\"><a href=\"https:\/\/www.youtube.com\/watch?v=YMsc_jfUQ84\" target=\"_blank\" rel=\"noopener\">D\u00eda Internacional de la Ni\u00f1a<\/a><\/h2>\t\t\t\t<\/div>\n\t\t\t\t<div class=\"elementor-element elementor-element-0b32f9e elementor-widget elementor-widget-text-editor\" data-id=\"0b32f9e\" data-element_type=\"widget\" data-widget_type=\"text-editor.default\">\n\t\t\t\t\t\t\t\t\t<p>Juventudes l\u00edderes compartieron mensajes sobre equidad, salud y derechos, reafirmando su rol como agentes de cambio.<\/p>\t\t\t\t\t\t\t\t<\/div>\n\t\t\t\t<\/div>\n\t\t<div class=\"elementor-element elementor-element-4e90ed5 e-con-full e-flex e-con e-child\" data-id=\"4e90ed5\" data-element_type=\"container\">\n\t\t\t\t<div class=\"elementor-element elementor-element-e471034 elementor-widget elementor-widget-image\" data-id=\"e471034\" data-element_type=\"widget\" data-widget_type=\"image.default\">\n\t\t\t\t\t\t\t\t\t\t\t\t\t\t\t\t<a href=\"https:\/\/www.youtube.com\/watch?v=8NgIzg-nGyg\" target=\"_blank\" rel=\"noopener\">\n\t\t\t\t\t\t\t<img decoding=\"async\" width=\"800\" height=\"450\" src=\"https:\/\/plan.org.co\/salud-joven\/wp-content\/uploads\/2025\/11\/recursos-2.webp\" class=\"attachment-full size-full wp-image-418\" alt=\"\" srcset=\"https:\/\/plan.org.co\/salud-joven\/wp-content\/uploads\/2025\/11\/recursos-2.webp 800w, https:\/\/plan.org.co\/salud-joven\/wp-content\/uploads\/2025\/11\/recursos-2-300x169.webp 300w, https:\/\/plan.org.co\/salud-joven\/wp-content\/uploads\/2025\/11\/recursos-2-768x432.webp 768w\" sizes=\"(max-width: 800px) 100vw, 800px\" \/>\t\t\t\t\t\t\t\t<\/a>\n\t\t\t\t\t\t\t\t\t\t\t\t\t\t\t<\/div>\n\t\t\t\t<div class=\"elementor-element elementor-element-35a7c73 elementor-widget elementor-widget-heading\" data-id=\"35a7c73\" data-element_type=\"widget\" data-widget_type=\"heading.default\">\n\t\t\t\t\t<h2 class=\"elementor-heading-title elementor-size-default\"><a href=\"https:\/\/www.youtube.com\/watch?v=8NgIzg-nGyg\" target=\"_blank\" rel=\"noopener\">Entrega de las cajas \u201cEl viaje de Sani\u201d<\/a><\/h2>\t\t\t\t<\/div>\n\t\t\t\t<div class=\"elementor-element elementor-element-23af3be elementor-widget elementor-widget-text-editor\" data-id=\"23af3be\" data-element_type=\"widget\" data-widget_type=\"text-editor.default\">\n\t\t\t\t\t\t\t\t\t<p>Fundaci\u00f3n PLAN y AstraZeneca fortalecieron servicios de salud amigables con herramientas pedag\u00f3gicas para juventudes<\/p>\t\t\t\t\t\t\t\t<\/div>\n\t\t\t\t<\/div>\n\t\t<div class=\"elementor-element elementor-element-14770e0 e-con-full e-flex e-con e-child\" data-id=\"14770e0\" data-element_type=\"container\">\n\t\t\t\t<div class=\"elementor-element elementor-element-a52ca32 elementor-widget elementor-widget-image\" data-id=\"a52ca32\" data-element_type=\"widget\" data-widget_type=\"image.default\">\n\t\t\t\t\t\t\t\t\t\t\t\t\t\t\t\t<a href=\"https:\/\/www.youtube.com\/watch?v=KGeOCNFPbXA\" target=\"_blank\" rel=\"noopener\">\n\t\t\t\t\t\t\t<img loading=\"lazy\" decoding=\"async\" width=\"800\" height=\"450\" src=\"https:\/\/plan.org.co\/salud-joven\/wp-content\/uploads\/2025\/11\/recursos-3.webp\" class=\"attachment-full size-full wp-image-419\" alt=\"\" srcset=\"https:\/\/plan.org.co\/salud-joven\/wp-content\/uploads\/2025\/11\/recursos-3.webp 800w, https:\/\/plan.org.co\/salud-joven\/wp-content\/uploads\/2025\/11\/recursos-3-300x169.webp 300w, https:\/\/plan.org.co\/salud-joven\/wp-content\/uploads\/2025\/11\/recursos-3-768x432.webp 768w\" sizes=\"(max-width: 800px) 100vw, 800px\" \/>\t\t\t\t\t\t\t\t<\/a>\n\t\t\t\t\t\t\t\t\t\t\t\t\t\t\t<\/div>\n\t\t\t\t<div class=\"elementor-element elementor-element-9a4b3c5 elementor-widget elementor-widget-heading\" data-id=\"9a4b3c5\" data-element_type=\"widget\" data-widget_type=\"heading.default\">\n\t\t\t\t\t<h2 class=\"elementor-heading-title elementor-size-default\"><a href=\"https:\/\/www.youtube.com\/watch?v=KGeOCNFPbXA\" target=\"_blank\" rel=\"noopener\">Diplomacia y cooperaci\u00f3n<\/a><\/h2>\t\t\t\t<\/div>\n\t\t\t\t<div class=\"elementor-element elementor-element-35bada1 elementor-widget elementor-widget-text-editor\" data-id=\"35bada1\" data-element_type=\"widget\" data-widget_type=\"text-editor.default\">\n\t\t\t\t\t\t\t\t\t<p>Reino Unido, Suecia, AstraZeneca y Fundaci\u00f3n PLAN unieron esfuerzos por el bienestar y la equidad de las juventudes.<\/p>\t\t\t\t\t\t\t\t<\/div>\n\t\t\t\t<\/div>\n\t\t\t\t\t<\/div>\n\t\t\t\t<\/div>\n\t\t<div class=\"elementor-element elementor-element-8b22617 e-flex e-con-boxed e-con e-parent\" data-id=\"8b22617\" data-element_type=\"container\" data-settings=\"{&quot;background_background&quot;:&quot;classic&quot;}\">\n\t\t\t\t\t<div class=\"e-con-inner\">\n\t\t\t\t<div class=\"elementor-element elementor-element-b935884 elementor-widget elementor-widget-heading\" data-id=\"b935884\" data-element_type=\"widget\" data-widget_type=\"heading.default\">\n\t\t\t\t\t<h2 class=\"elementor-heading-title elementor-size-default\">El legado del Programa de Salud Joven sigue vivo en escuelas y servicios de salud, donde la educaci\u00f3n entre pares y la innovaci\u00f3n juvenil fortalecen la prevenci\u00f3n y el bienestar.<\/h2>\t\t\t\t<\/div>\n\t\t\t\t<div class=\"elementor-element elementor-element-c1820de elementor-widget elementor-widget-image\" data-id=\"c1820de\" data-element_type=\"widget\" data-widget_type=\"image.default\">\n\t\t\t\t\t\t\t\t\t\t\t\t\t\t\t<img loading=\"lazy\" decoding=\"async\" width=\"1600\" height=\"900\" src=\"https:\/\/plan.org.co\/salud-joven\/wp-content\/uploads\/2025\/10\/legado.webp\" class=\"attachment-full size-full wp-image-178\" alt=\"\" srcset=\"https:\/\/plan.org.co\/salud-joven\/wp-content\/uploads\/2025\/10\/legado.webp 1600w, https:\/\/plan.org.co\/salud-joven\/wp-content\/uploads\/2025\/10\/legado-300x169.webp 300w, https:\/\/plan.org.co\/salud-joven\/wp-content\/uploads\/2025\/10\/legado-1024x576.webp 1024w, https:\/\/plan.org.co\/salud-joven\/wp-content\/uploads\/2025\/10\/legado-768x432.webp 768w, https:\/\/plan.org.co\/salud-joven\/wp-content\/uploads\/2025\/10\/legado-1536x864.webp 1536w\" sizes=\"(max-width: 1600px) 100vw, 1600px\" \/>\t\t\t\t\t\t\t\t\t\t\t\t\t\t\t<\/div>\n\t\t<div class=\"elementor-element elementor-element-dd18f14 e-con-full e-flex e-con e-child\" data-id=\"dd18f14\" data-element_type=\"container\">\n\t\t\t\t<div class=\"elementor-element elementor-element-10576c1 elementor-align-left elementor-tablet-align-center elementor-widget elementor-widget-button\" data-id=\"10576c1\" data-element_type=\"widget\" data-widget_type=\"button.default\">\n\t\t\t\t\t\t\t\t\t\t<a class=\"elementor-button elementor-button-link elementor-size-sm\" href=\"https:\/\/plan.org.co\/salud-joven\/voces-jovenes\/\">\n\t\t\t\t\t\t<span class=\"elementor-button-content-wrapper\">\n\t\t\t\t\t\t<span class=\"elementor-button-icon\">\n\t\t\t\t<svg aria-hidden=\"true\" class=\"e-font-icon-svg e-fas-long-arrow-alt-right\" viewBox=\"0 0 448 512\" xmlns=\"http:\/\/www.w3.org\/2000\/svg\"><path d=\"M313.941 216H12c-6.627 0-12 5.373-12 12v56c0 6.627 5.373 12 12 12h301.941v46.059c0 21.382 25.851 32.09 40.971 16.971l86.059-86.059c9.373-9.373 9.373-24.569 0-33.941l-86.059-86.059c-15.119-15.119-40.971-4.411-40.971 16.971V216z\"><\/path><\/svg>\t\t\t<\/span>\n\t\t\t\t\t\t\t\t\t<span class=\"elementor-button-text\">Voces j\u00f3venes<\/span>\n\t\t\t\t\t<\/span>\n\t\t\t\t\t<\/a>\n\t\t\t\t\t\t\t\t<\/div>\n\t\t\t\t<div class=\"elementor-element elementor-element-f04afc7 elementor-align-left elementor-tablet-align-center elementor-widget elementor-widget-button\" data-id=\"f04afc7\" data-element_type=\"widget\" data-widget_type=\"button.default\">\n\t\t\t\t\t\t\t\t\t\t<a class=\"elementor-button elementor-button-link elementor-size-sm\" href=\"https:\/\/plan.org.co\/salud-joven\/como-lo-hicimos\/\">\n\t\t\t\t\t\t<span class=\"elementor-button-content-wrapper\">\n\t\t\t\t\t\t<span class=\"elementor-button-icon\">\n\t\t\t\t<svg aria-hidden=\"true\" class=\"e-font-icon-svg e-fas-long-arrow-alt-right\" viewBox=\"0 0 448 512\" xmlns=\"http:\/\/www.w3.org\/2000\/svg\"><path d=\"M313.941 216H12c-6.627 0-12 5.373-12 12v56c0 6.627 5.373 12 12 12h301.941v46.059c0 21.382 25.851 32.09 40.971 16.971l86.059-86.059c9.373-9.373 9.373-24.569 0-33.941l-86.059-86.059c-15.119-15.119-40.971-4.411-40.971 16.971V216z\"><\/path><\/svg>\t\t\t<\/span>\n\t\t\t\t\t\t\t\t\t<span class=\"elementor-button-text\">C\u00f3mo lo hicimos<\/span>\n\t\t\t\t\t<\/span>\n\t\t\t\t\t<\/a>\n\t\t\t\t\t\t\t\t<\/div>\n\t\t\t\t<div class=\"elementor-element elementor-element-830b72c elementor-align-left elementor-tablet-align-center elementor-widget elementor-widget-button\" data-id=\"830b72c\" data-element_type=\"widget\" data-widget_type=\"button.default\">\n\t\t\t\t\t\t\t\t\t\t<a class=\"elementor-button elementor-button-link elementor-size-sm\" href=\"https:\/\/plan.org.co\/salud-joven\/galeria\/\">\n\t\t\t\t\t\t<span class=\"elementor-button-content-wrapper\">\n\t\t\t\t\t\t<span class=\"elementor-button-icon\">\n\t\t\t\t<svg aria-hidden=\"true\" class=\"e-font-icon-svg e-fas-long-arrow-alt-right\" viewBox=\"0 0 448 512\" xmlns=\"http:\/\/www.w3.org\/2000\/svg\"><path d=\"M313.941 216H12c-6.627 0-12 5.373-12 12v56c0 6.627 5.373 12 12 12h301.941v46.059c0 21.382 25.851 32.09 40.971 16.971l86.059-86.059c9.373-9.373 9.373-24.569 0-33.941l-86.059-86.059c-15.119-15.119-40.971-4.411-40.971 16.971V216z\"><\/path><\/svg>\t\t\t<\/span>\n\t\t\t\t\t\t\t\t\t<span class=\"elementor-button-text\">Galer\u00eda<\/span>\n\t\t\t\t\t<\/span>\n\t\t\t\t\t<\/a>\n\t\t\t\t\t\t\t\t<\/div>\n\t\t\t\t<\/div>\n\t\t\t\t\t<\/div>\n\t\t\t\t<\/div>\n\t\t\t\t<\/div>\n\t\t","protected":false},"excerpt":{"rendered":"<p>GALERIA Momentos memorables del Programa de Salud Joven Te compartimos algunas im\u00e1genes que reflejan nuestro recorrido: acciones lideradas por juventudes, alianzas con comunidades y la construcci\u00f3n de entornos m\u00e1s saludables e inclusivos.\u2028 Cada fotograf\u00eda nos recuerda que el bienestar se construye en equipo, con pasi\u00f3n, ciencia y compromiso. Influencers Saludables J\u00f3venes formadas y formados como [&hellip;]<\/p>\n","protected":false},"author":1,"featured_media":0,"parent":0,"menu_order":0,"comment_status":"closed","ping_status":"closed","template":"elementor_header_footer","meta":{"footnotes":""},"class_list":["post-333","page","type-page","status-publish","hentry"],"_links":{"self":[{"href":"https:\/\/plan.org.co\/salud-joven\/wp-json\/wp\/v2\/pages\/333","targetHints":{"allow":["GET"]}}],"collection":[{"href":"https:\/\/plan.org.co\/salud-joven\/wp-json\/wp\/v2\/pages"}],"about":[{"href":"https:\/\/plan.org.co\/salud-joven\/wp-json\/wp\/v2\/types\/page"}],"author":[{"embeddable":true,"href":"https:\/\/plan.org.co\/salud-joven\/wp-json\/wp\/v2\/users\/1"}],"replies":[{"embeddable":true,"href":"https:\/\/plan.org.co\/salud-joven\/wp-json\/wp\/v2\/comments?post=333"}],"version-history":[{"count":22,"href":"https:\/\/plan.org.co\/salud-joven\/wp-json\/wp\/v2\/pages\/333\/revisions"}],"predecessor-version":[{"id":425,"href":"https:\/\/plan.org.co\/salud-joven\/wp-json\/wp\/v2\/pages\/333\/revisions\/425"}],"wp:attachment":[{"href":"https:\/\/plan.org.co\/salud-joven\/wp-json\/wp\/v2\/media?parent=333"}],"curies":[{"name":"wp","href":"https:\/\/api.w.org\/{rel}","templated":true}]}}